{"id":6285,"date":"2023-10-13T09:54:27","date_gmt":"2023-10-13T07:54:27","guid":{"rendered":"https:\/\/www.integra-fragrances.com\/cookie-policy\/"},"modified":"2024-09-24T16:42:25","modified_gmt":"2024-09-24T14:42:25","slug":"cookie-policy","status":"publish","type":"page","link":"https:\/\/www.integra-fragrances.com\/fr\/cookie-policy\/","title":{"rendered":"Cookie policy"},"content":{"rendered":"\t\t<div data-elementor-type=\"wp-page\" data-elementor-id=\"6285\" class=\"elementor elementor-6285 elementor-6282\" data-elementor-post-type=\"page\">\n\t\t\t\t<div class=\"elementor-element elementor-element-f07e587 e-con-full e-flex e-con e-parent\" data-id=\"f07e587\" data-element_type=\"container\" data-settings=\"{&quot;background_background&quot;:&quot;classic&quot;}\">\n\t\t<div class=\"elementor-element elementor-element-7b538a2 e-con-full e-flex e-con e-child\" data-id=\"7b538a2\" data-element_type=\"container\" data-settings=\"{&quot;background_background&quot;:&quot;gradient&quot;}\">\n\t\t<div class=\"elementor-element elementor-element-a252e85 e-flex e-con-boxed e-con e-child\" data-id=\"a252e85\" data-element_type=\"container\">\n\t\t\t\t\t<div class=\"e-con-inner\">\n\t\t\t\t<div class=\"elementor-element elementor-element-e0d12c7 elementor-widget elementor-widget-heading\" data-id=\"e0d12c7\" data-element_type=\"widget\" data-widget_type=\"heading.default\">\n\t\t\t\t<div class=\"elementor-widget-container\">\n\t\t\t\t\t<h1 class=\"elementor-heading-title elementor-size-default\">Cookie Policy<\/h1>\t\t\t\t<\/div>\n\t\t\t\t<\/div>\n\t\t\t\t\t<\/div>\n\t\t\t\t<\/div>\n\t\t\t\t<\/div>\n\t\t\t\t<\/div>\n\t\t<div class=\"elementor-element elementor-element-c428da3 e-flex e-con-boxed e-con e-parent\" data-id=\"c428da3\" data-element_type=\"container\" data-settings=\"{&quot;background_background&quot;:&quot;classic&quot;}\">\n\t\t\t\t\t<div class=\"e-con-inner\">\n\t\t\t\t<div class=\"elementor-element elementor-element-b4ee4ec elementor-widget elementor-widget-text-editor\" data-id=\"b4ee4ec\" data-element_type=\"widget\" data-widget_type=\"text-editor.default\">\n\t\t\t\t<div class=\"elementor-widget-container\">\n\t\t\t\t\t\t\t\t\t<p>Ce site web utilise des cookies. Nous les utilisons pour personnaliser le contenu et les publicit\u00e9s, pour fournir des fonctions de m\u00e9dias sociaux et pour analyser notre trafic. Nous partageons \u00e9galement des informations sur la fa\u00e7on dont vous utilisez notre site avec nos partenaires d&#8217;analyse web, de publicit\u00e9 et de m\u00e9dias sociaux, qui peuvent les combiner avec d&#8217;autres informations que vous leur avez fournies ou qu&#8217;ils ont collect\u00e9es \u00e0 partir de votre utilisation de leurs services.<\/p><p>Les cookies sont de petits fichiers texte qui peuvent \u00eatre utilis\u00e9s par les sites web pour rendre l&#8217;exp\u00e9rience de l&#8217;utilisateur plus efficace.<\/p><p>La loi stipule que nous pouvons stocker des cookies sur votre appareil s&#8217;ils sont strictement n\u00e9cessaires au fonctionnement de ce site. Pour tous les autres types de cookies, nous avons besoin de votre consentement.<\/p><p>Ce site utilise diff\u00e9rents types de cookies. Certains cookies sont plac\u00e9s par des services tiers qui apparaissent sur nos pages.<\/p><p>Vous pouvez modifier ou r\u00e9voquer votre consentement \u00e0 tout moment en consultant la d\u00e9claration relative aux cookies sur notre site web.<\/p><p>Pour en savoir plus sur qui nous sommes, comment vous pouvez nous contacter et comment nous traitons les donn\u00e9es personnelles, consultez notre politique de confidentialit\u00e9.<\/p><p>Pr\u00e9cisez l&#8217;identifiant de votre consentement et la date \u00e0 laquelle vous nous avez contact\u00e9s \u00e0 ce sujet.<\/p><p>Votre consentement s&#8217;applique aux sites web suivants : www.integra-fragrances.com<\/p><p>Derni\u00e8re mise \u00e0 jour de la d\u00e9claration sur les cookies le 22\/09\/24<\/p><p>N\u00e9cessaires (4)<\/p><p>Les cookies n\u00e9cessaires contribuent \u00e0 rendre le site web utilisable en permettant des fonctionnalit\u00e9s de base telles que la navigation sur les pages et l&#8217;acc\u00e8s aux zones s\u00e9curis\u00e9es du site web. Le site web ne peut pas fonctionner correctement sans ces cookies.<\/p>\t\t\t\t\t\t\t\t<\/div>\n\t\t\t\t<\/div>\n\t\t\t\t<div class=\"elementor-element elementor-element-1ab1911 elementor-widget elementor-widget-html\" data-id=\"1ab1911\" data-element_type=\"widget\" data-widget_type=\"html.default\">\n\t\t\t\t<div class=\"elementor-widget-container\">\n\t\t\t\t\t<script type=\"text\/javascript\" charSet=\"UTF-8\" data-cookiescriptreport=\"report\" src=\/\/report.cookie-script.com\/r\/9bfcd514455fe0031dcbdf07f260dfe2.js> <\/script>\t\t\t\t<\/div>\n\t\t\t\t<\/div>\n\t\t\t\t\t<\/div>\n\t\t\t\t<\/div>\n\t\t\t\t<\/div>\n\t\t","protected":false},"excerpt":{"rendered":"<p>Cookie Policy Ce site web utilise des cookies. Nous les utilisons pour personnaliser le contenu et les publicit\u00e9s, pour fournir des fonctions de m\u00e9dias sociaux et pour analyser notre trafic. Nous partageons \u00e9galement des informations sur la fa\u00e7on dont vous utilisez notre site avec nos partenaires d&#8217;analyse web, de publicit\u00e9 et de m\u00e9dias sociaux, qui [&hellip;]<\/p>\n","protected":false},"author":1,"featured_media":0,"parent":0,"menu_order":1000,"comment_status":"closed","ping_status":"closed","template":"elementor_header_footer","meta":{"_acf_changed":false,"footnotes":""},"class_list":["post-6285","page","type-page","status-publish","hentry"],"acf":[],"yoast_head":"<!-- This site is optimized with the Yoast SEO plugin v26.5 - https:\/\/yoast.com\/wordpress\/plugins\/seo\/ -->\n<title>Cookie policy - Integra Fragrances<\/title>\n<meta name=\"robots\" content=\"index, follow, max-snippet:-1, max-image-preview:large, max-video-preview:-1\" \/>\n<link rel=\"canonical\" href=\"https:\/\/www.integra-fragrances.com\/en\/cookie-policy\/\" \/>\n<meta property=\"og:locale\" content=\"fr_FR\" \/>\n<meta property=\"og:type\" content=\"article\" \/>\n<meta property=\"og:title\" content=\"Cookie policy - Integra Fragrances\" \/>\n<meta property=\"og:description\" content=\"Cookie Policy Ce site web utilise des cookies. Nous les utilisons pour personnaliser le contenu et les publicit\u00e9s, pour fournir des fonctions de m\u00e9dias sociaux et pour analyser notre trafic. Nous partageons \u00e9galement des informations sur la fa\u00e7on dont vous utilisez notre site avec nos partenaires d&#8217;analyse web, de publicit\u00e9 et de m\u00e9dias sociaux, qui [&hellip;]\" \/>\n<meta property=\"og:url\" content=\"https:\/\/www.integra-fragrances.com\/en\/cookie-policy\/\" \/>\n<meta property=\"og:site_name\" content=\"Integra Fragrances\" \/>\n<meta property=\"article:modified_time\" content=\"2024-09-24T14:42:25+00:00\" \/>\n<meta name=\"twitter:card\" content=\"summary_large_image\" \/>\n<meta name=\"twitter:label1\" content=\"Est. reading time\" \/>\n\t<meta name=\"twitter:data1\" content=\"2 minutes\" \/>\n<script type=\"application\/ld+json\" class=\"yoast-schema-graph\">{\"@context\":\"https:\/\/schema.org\",\"@graph\":[{\"@type\":\"WebPage\",\"@id\":\"https:\/\/www.integra-fragrances.com\/en\/cookie-policy\/\",\"url\":\"https:\/\/www.integra-fragrances.com\/en\/cookie-policy\/\",\"name\":\"Cookie policy - Integra Fragrances\",\"isPartOf\":{\"@id\":\"https:\/\/www.integra-fragrances.com\/#website\"},\"datePublished\":\"2023-10-13T07:54:27+00:00\",\"dateModified\":\"2024-09-24T14:42:25+00:00\",\"inLanguage\":\"fr-FR\",\"potentialAction\":[{\"@type\":\"ReadAction\",\"target\":[\"https:\/\/www.integra-fragrances.com\/en\/cookie-policy\/\"]}]},{\"@type\":\"WebSite\",\"@id\":\"https:\/\/www.integra-fragrances.com\/#website\",\"url\":\"https:\/\/www.integra-fragrances.com\/\",\"name\":\"Integra Fragrances\",\"description\":\"Scent Marketing, the art and science of brand olfactory stories\",\"publisher\":{\"@id\":\"https:\/\/www.integra-fragrances.com\/#organization\"},\"potentialAction\":[{\"@type\":\"SearchAction\",\"target\":{\"@type\":\"EntryPoint\",\"urlTemplate\":\"https:\/\/www.integra-fragrances.com\/?s={search_term_string}\"},\"query-input\":{\"@type\":\"PropertyValueSpecification\",\"valueRequired\":true,\"valueName\":\"search_term_string\"}}],\"inLanguage\":\"fr-FR\"},{\"@type\":\"Organization\",\"@id\":\"https:\/\/www.integra-fragrances.com\/#organization\",\"name\":\"Integra Fragrances\",\"url\":\"https:\/\/www.integra-fragrances.com\/\",\"logo\":{\"@type\":\"ImageObject\",\"inLanguage\":\"fr-FR\",\"@id\":\"https:\/\/www.integra-fragrances.com\/#\/schema\/logo\/image\/\",\"url\":\"https:\/\/www.integra-fragrances.com\/site\/wp-content\/uploads\/2023\/07\/integra-fragrances.svg\",\"contentUrl\":\"https:\/\/www.integra-fragrances.com\/site\/wp-content\/uploads\/2023\/07\/integra-fragrances.svg\",\"caption\":\"Integra Fragrances\"},\"image\":{\"@id\":\"https:\/\/www.integra-fragrances.com\/#\/schema\/logo\/image\/\"}}]}<\/script>\n<!-- \/ Yoast SEO plugin. -->","yoast_head_json":{"title":"Cookie policy - Integra Fragrances","robots":{"index":"index","follow":"follow","max-snippet":"max-snippet:-1","max-image-preview":"max-image-preview:large","max-video-preview":"max-video-preview:-1"},"canonical":"https:\/\/www.integra-fragrances.com\/en\/cookie-policy\/","og_locale":"fr_FR","og_type":"article","og_title":"Cookie policy - Integra Fragrances","og_description":"Cookie Policy Ce site web utilise des cookies. Nous les utilisons pour personnaliser le contenu et les publicit\u00e9s, pour fournir des fonctions de m\u00e9dias sociaux et pour analyser notre trafic. Nous partageons \u00e9galement des informations sur la fa\u00e7on dont vous utilisez notre site avec nos partenaires d&#8217;analyse web, de publicit\u00e9 et de m\u00e9dias sociaux, qui [&hellip;]","og_url":"https:\/\/www.integra-fragrances.com\/en\/cookie-policy\/","og_site_name":"Integra Fragrances","article_modified_time":"2024-09-24T14:42:25+00:00","twitter_card":"summary_large_image","twitter_misc":{"Est. reading time":"2 minutes"},"schema":{"@context":"https:\/\/schema.org","@graph":[{"@type":"WebPage","@id":"https:\/\/www.integra-fragrances.com\/en\/cookie-policy\/","url":"https:\/\/www.integra-fragrances.com\/en\/cookie-policy\/","name":"Cookie policy - Integra Fragrances","isPartOf":{"@id":"https:\/\/www.integra-fragrances.com\/#website"},"datePublished":"2023-10-13T07:54:27+00:00","dateModified":"2024-09-24T14:42:25+00:00","inLanguage":"fr-FR","potentialAction":[{"@type":"ReadAction","target":["https:\/\/www.integra-fragrances.com\/en\/cookie-policy\/"]}]},{"@type":"WebSite","@id":"https:\/\/www.integra-fragrances.com\/#website","url":"https:\/\/www.integra-fragrances.com\/","name":"Integra Fragrances","description":"Scent Marketing, the art and science of brand olfactory stories","publisher":{"@id":"https:\/\/www.integra-fragrances.com\/#organization"},"potentialAction":[{"@type":"SearchAction","target":{"@type":"EntryPoint","urlTemplate":"https:\/\/www.integra-fragrances.com\/?s={search_term_string}"},"query-input":{"@type":"PropertyValueSpecification","valueRequired":true,"valueName":"search_term_string"}}],"inLanguage":"fr-FR"},{"@type":"Organization","@id":"https:\/\/www.integra-fragrances.com\/#organization","name":"Integra Fragrances","url":"https:\/\/www.integra-fragrances.com\/","logo":{"@type":"ImageObject","inLanguage":"fr-FR","@id":"https:\/\/www.integra-fragrances.com\/#\/schema\/logo\/image\/","url":"https:\/\/www.integra-fragrances.com\/site\/wp-content\/uploads\/2023\/07\/integra-fragrances.svg","contentUrl":"https:\/\/www.integra-fragrances.com\/site\/wp-content\/uploads\/2023\/07\/integra-fragrances.svg","caption":"Integra Fragrances"},"image":{"@id":"https:\/\/www.integra-fragrances.com\/#\/schema\/logo\/image\/"}}]}},"_links":{"self":[{"href":"https:\/\/www.integra-fragrances.com\/fr\/wp-json\/wp\/v2\/pages\/6285","targetHints":{"allow":["GET"]}}],"collection":[{"href":"https:\/\/www.integra-fragrances.com\/fr\/wp-json\/wp\/v2\/pages"}],"about":[{"href":"https:\/\/www.integra-fragrances.com\/fr\/wp-json\/wp\/v2\/types\/page"}],"author":[{"embeddable":true,"href":"https:\/\/www.integra-fragrances.com\/fr\/wp-json\/wp\/v2\/users\/1"}],"replies":[{"embeddable":true,"href":"https:\/\/www.integra-fragrances.com\/fr\/wp-json\/wp\/v2\/comments?post=6285"}],"version-history":[{"count":10,"href":"https:\/\/www.integra-fragrances.com\/fr\/wp-json\/wp\/v2\/pages\/6285\/revisions"}],"predecessor-version":[{"id":7225,"href":"https:\/\/www.integra-fragrances.com\/fr\/wp-json\/wp\/v2\/pages\/6285\/revisions\/7225"}],"wp:attachment":[{"href":"https:\/\/www.integra-fragrances.com\/fr\/wp-json\/wp\/v2\/media?parent=6285"}],"curies":[{"name":"wp","href":"https:\/\/api.w.org\/{rel}","templated":true}]}}